{"id":365,"date":"2025-12-16T10:25:22","date_gmt":"2025-12-16T09:25:22","guid":{"rendered":"https:\/\/lifelyfamily.com\/?page_id=365"},"modified":"2025-12-16T11:59:10","modified_gmt":"2025-12-16T10:59:10","slug":"datenschutzerklaerung","status":"publish","type":"page","link":"https:\/\/lifelyfamily.com\/en\/datenschutzerklaerung\/","title":{"rendered":"Datenschutzerklaerung"},"content":{"rendered":"<div data-elementor-type=\"wp-page\" data-elementor-id=\"365\" class=\"elementor elementor-365\" data-elementor-settings=\"{&quot;ha_cmc_init_switcher&quot;:&quot;no&quot;}\" data-elementor-post-type=\"page\">\n\t\t\t\t<div class=\"elementor-element elementor-element-0c43bc6 e-flex e-con-boxed e-con e-parent\" data-id=\"0c43bc6\" data-element_type=\"container\" data-settings=\"{&quot;background_background&quot;:&quot;classic&quot;,&quot;_ha_eqh_enable&quot;:false}\">\n\t\t\t\t\t<div class=\"e-con-inner\">\n\t\t\t\t<div class=\"elementor-element elementor-element-1df88e9 elementor-widget elementor-widget-heading\" data-id=\"1df88e9\" data-element_type=\"widget\" data-widget_type=\"heading.default\">\n\t\t\t\t\t<h2 class=\"elementor-heading-title elementor-size-default\">Datenschutzerklaerung<\/h2>\t\t\t\t<\/div>\n\t\t\t\t\t<\/div>\n\t\t\t\t<\/div>\n\t\t<div class=\"elementor-element elementor-element-5dd9a6e e-flex e-con-boxed e-con e-parent\" data-id=\"5dd9a6e\" data-element_type=\"container\" data-settings=\"{&quot;_ha_eqh_enable&quot;:false}\">\n\t\t\t\t\t<div class=\"e-con-inner\">\n\t\t\t\t<div class=\"elementor-element elementor-element-e545a68 elementor-widget elementor-widget-text-editor\" data-id=\"e545a68\" data-element_type=\"widget\" data-widget_type=\"text-editor.default\">\n\t\t\t\t\t\t\t\t\t<h2>Verwendung unserer mobilen App \u201eLifely Family\u201c<\/h2><h4>\u00a7 1 Informationen \u00fcber die Verarbeitung personenbezogener Daten<\/h4><p>1) Wir stellen Ihnen unsere mobile App zur Verf\u00fcgung, die Sie auf Ihr mobiles Endger\u00e4t herunterladen k\u00f6nnen.<br \/>Im Folgenden informieren wir \u00fcber die Verarbeitung personenbezogener Daten bei Nutzung unserer mobilen App.<br \/>Personenbezogene Daten sind alle Daten, die auf Sie pers\u00f6nlich beziehbar sind, z.B. Name, Adresse, E-Mail-Adressen, Nutzerverhalten.<br \/>Dadurch m\u00f6chten wir Sie \u00fcber unsere Verarbeitungsvorg\u00e4nge informieren und zugleich den gesetzlichen Pflichten, insbesondere aus der EU-Datenschutz-Grundverordnung (DS-GVO), nachkommen.<\/p><p>2) Verantwortlicher gem. Art. 4 Abs. 7 DSGVO ist (siehe unser Impressum unter <a href=\"https:\/\/lifelyfamily.com\/en\/impressum\/\">https:\/\/lifelyfamily.com\/impressum<\/a>).<\/p><p>3) Bei Ihrer Kontaktaufnahme mit uns per E-Mail oder \u00fcber ein Kontaktformular werden die von Ihnen mitgeteilten Daten (Ihre E-Mail-Adresse, ggf. Ihr Name und Ihre Telefonnummer) von uns gespeichert, um Ihre Fragen zu beantworten.<br \/>Die in diesem Zusammenhang anfallenden Daten l\u00f6schen wir, falls die Anfrage einem Vertrag zugeordnet wird, nach den Fristen zur Vertragslaufzeit.<br \/>Ansonsten l\u00f6schen wir die anfallenden Daten nachdem die Speicherung nicht mehr erforderlich ist, maximal nach drei Jahre nach Entstehen der Daten zum Ende der allgemeinen Verj\u00e4hrungsfrist oder schr\u00e4nken die Verarbeitung ein, falls gesetzliche Aufbewahrungspflichten bestehen.<\/p><p>4) Falls wir f\u00fcr einzelne Funktionen unseres Angebots auf beauftragte Dienstleister zur\u00fcckgreifen oder Ihre Daten f\u00fcr werbliche Zwecke nutzen m\u00f6chten, werden wir diese Dienstleister stets sorgf\u00e4ltig ausw\u00e4hlen und \u00fcberwachen und informieren Sie untenstehend im Detail \u00fcber die jeweiligen Vorg\u00e4nge.<br \/>Dabei nennen wir auch die festgelegten Kriterien der Speicherdauer. Soweit unsere Dienstleister oder Partner ihren Sitz in einem Staat au\u00dferhalb des Europ\u00e4ischen Wirtschaftsraums (EWR) haben, informieren wir Sie \u00fcber die Folgen in der Beschreibung des Angebotes.<\/p><h4>\u00a7 2 Ihre Rechte<\/h4><p>(1) Sie haben gegen\u00fcber dem Verantwortlichen folgende Rechte hinsichtlich der Sie betreffenden personenbezogenen Daten:<br \/>\u2013 Recht auf Auskunft<br \/>\u2013 Recht auf Berichtigung oder L\u00f6schung<br \/>\u2013 Recht auf Einschr\u00e4nkung der Verarbeitung<br \/>\u2013 Recht auf Widerspruch gegen die Verarbeitung<br \/>\u2013 Recht auf Daten\u00fcbertragbarkeit<br \/>\u2013 Recht auf Werbewiderspruch und Widerruf einer Einwilligung.<\/p><p>(2) Sie haben zudem das Recht, sich bei einer Datenschutz-Aufsichtsbeh\u00f6rde \u00fcber die Verarbeitung Ihrer personenbezogenen Daten durch uns zu beschweren.<\/p><h4>\u00a7 3 Verarbeitung personenbezogener Daten bei Nutzung unserer mobilen App<\/h4><p>1) Bei Herunterladen der mobilen App werden die erforderlichen Informationen an den App Store \u00fcbertragen, also insbesondere Nutzername, E-Mail-Adresse und Kundennummer Ihres Accounts, Zeitpunkt des Downloads, Zahlungsinformationen und die individuelle Ger\u00e4tekennziffer.<br \/>Zudem erhebt der App-Store eigenst\u00e4ndig verschiedene Daten und stellt Ihnen Analyseergebnisse zur Verf\u00fcgung.<br \/>Auf diese Datenverarbeitung haben wir keinen Einfluss und sind nicht daf\u00fcr verantwortlich.<br \/>Wir verarbeiten die Daten nur, soweit es f\u00fcr das Herunterladen der mobilen App auf Ihr mobiles Endger\u00e4t notwendig ist.<br \/>Diese mobile App k\u00f6nnen Sie zudem kostenlos \u00fcber unsere Website direkt auf Ihr mobiles Endger\u00e4t laden.<br \/>Im Falle des Downloads werden \u00fcber die Website weitere Nutzerdaten verarbeitet, \u00fcber die wir in der Datenschutzerkl\u00e4rung unserer Website <a href=\"https:\/\/lifelyfamily.com\/en\/datenschutzerklaerung\/\">https:\/\/lifelyfamily.com\/datenschutzerklaerung<\/a><\/p><p>2) Bei Nutzung der mobilen App verarbeiten wir die nachfolgend beschriebenen personenbezogenen Daten, um die komfortable Nutzung der Funktionen zu erm\u00f6glichen.<br \/>Wenn Sie unsere mobile App nutzen m\u00f6chten, verarbeiten wir die folgenden Daten, die f\u00fcr uns technisch erforderlich sind, um Ihnen die Funktionen unserer mobilen App anzubieten und die Stabilit\u00e4t und Sicherheit zu gew\u00e4hrleisten, sodass sie von uns verarbeitet werden m\u00fcssen.<br \/>Rechtsgrundlage ist Art. 6 Abs. 1 S. 1 lit. f DS-GVO:<br \/>\u2013 IP-Adresse<br \/>\u2013 Datum und Uhrzeit der Anfrage<br \/>\u2013 Zeitzonendifferenz zur Greenwich Mean Time (GMT)<br \/>\u2013 Inhalt der Anforderung (besuchte Seite)<br \/>\u2013 Zugriffsstatus\/HTTP-Statuscode<br \/>\u2013 jeweils \u00fcbertragene Datenmenge<br \/>\u2013 vorher besuchte Seite<br \/>\u2013 Browser<br \/>\u2013 Betriebssystem<br \/>\u2013 Sprache und Version der Browsersoftware.<\/p><p>(3) Weiterhin ben\u00f6tigen wir zur Erbringung der Leistungen der App Ihre Ger\u00e4tekennzeichnung, eindeutige Nummer des Endger\u00e4tes (IMEI = International Mobile Equipment Identity), eindeutige Nummer des Netzteilnehmers (IMSI = International Mobile Subscriber Identity), Mobilfunknummer (MSISDN), MAC-Adresse f\u00fcr WLAN-Nutzung, Name Ihres mobilen Endger\u00e4tes, E-Mail-Adresse.<\/p><h4>\u00a7 4 Verarbeitung von Daten aus Ihren Endger\u00e4ten (sog. \u201eCookie-Richtlinie\u201c)<\/h4><p>1) Zus\u00e4tzlich zu den zuvor genannten Daten werden bei Ihrer Nutzung unserer mobilen App technische Hilfsmittel f\u00fcr verschiedene Funktionen verwendet, die auf Ihrem Endger\u00e4t gespeichert werden k\u00f6nnen.<br \/>Die technischen Hilfsmittel sind insbesondere Cookies, k\u00f6nnen aber weitere Mittel sein, wie z.B. AdvertisingID oder Authentication-Cache.<br \/>Sie haben bei Aufruf unserer mobilen App und jederzeit sp\u00e4ter die Wahl, ob Sie den Einsatz von einzelnen oder allen freiwilligen Zusatzfunktionen generell zulassen m\u00f6chten.<br \/>\u00c4nderungen k\u00f6nnen Sie in den Einstellungen der mobilen App oder \u00fcber unseren Consent-Manager vornehmen.<br \/>Nachfolgend beschreiben wir zun\u00e4chst die technischen Funktionen<\/p><p>(2), bevor wir auf Ihre individuellen Auswahlm\u00f6glichkeiten n\u00e4her eingehen, indem wir technisch notwendige Funktionen<\/p><p>(3) und von Ihnen freiwillig aus- oder abw\u00e4hlbare Funktionen beschreiben<\/p><p>(4).<br \/>Die von uns genutzten Funktionen, die Sie jeweils einzeln \u00fcber den Consent-Manager ausw\u00e4hlen und wieder widerrufen k\u00f6nnen, beschreiben wir unten.<\/p><p>2) Wir nutzen technische Funktionen, mit denen Ihnen weiteren Dienste bereitgestellt werden, haupts\u00e4chlich Cookies.<br \/>Cookies sind Textdateien oder Informationen in einer Datenbank, die auf Ihrer Festplatte gespeichert und dem von Ihnen verwendeten Browser zugeordnet werden, sodass der Stelle, die den Cookie setzt, bestimmte Informationen zuflie\u00dfen k\u00f6nnen.<br \/>Cookies k\u00f6nnen keine Programme ausf\u00fchren oder Viren auf Ihren Computer \u00fcbertragen, sondern dienen prim\u00e4r dazu, das Internetangebot schneller und nutzerfreundlicher auszugestalten und Sie bei einem sp\u00e4teren Besuch wiederzuerkennen.<br \/>Sie k\u00f6nnen in den Einstellungen Ihrer mobilen App die gesetzten Cookies und die Laufzeiten jederzeit einsehen und die Cookies manuell l\u00f6schen.<br \/>Diese mobile App nutzt folgende Arten von Cookies:<br \/>\u2013 Transiente Cookies, insbesondere Session-Cookies, werden bei Schlie\u00dfen des Browsers oder durch Ausloggen automatisiert gel\u00f6scht. Sie enthalten eine sog.<br \/>Session-ID und lassen sich verschiedene Anfragen Ihres Browsers der gemeinsamen Sitzung zuordnen.<br \/>\u2013 Persistente Cookies werden automatisiert nach einer vorgegebenen Dauer gel\u00f6scht, die je nach Cookie unterschiedlich festgelegt ist.<br \/>\u2013 Weitere Technologien beruhen nicht auf Cookies, sondern auf \u00e4hnlichen technischen Mechanismen, wie eine Analyse Ihrer Browser-Einstellungen, AdvertisingID, Authentication-Cache oder HTML5-Objekten.<\/p><p>3) Zwingende, zur Funktion der mobilen App technisch notwendige Funktionen: Der technische Aufbau der mobilen App erfordert es, dass wir Techniken, insbesondere Cookies, nutzen.<br \/>Ohne diese Techniken kann unsere mobile App nicht (vollst\u00e4ndig korrekt) angezeigt werden oder die Support-Funktionen nicht erm\u00f6glicht werden.<br \/>Dabei handelt es sich grunds\u00e4tzlich um transiente Cookies, die nach Ende des Nutzungsvorgangs gel\u00f6scht werden.<br \/>Diese Cookies k\u00f6nnen Sie nicht abw\u00e4hlen, wenn Sie unsere App nutzen m\u00f6chten. Rechtsgrundlage dieser Verarbeitung ist Art. 6 Abs.<br \/>1 S. 1 lit. f DS-GVO.<\/p><p>4) Optionale Funktionen: Verschiedene Cookies oder weitere Techniken nutzen wir nur nach Ihrer Einwilligung, die Sie \u00fcber den Consent-Manager ausw\u00e4hlen k\u00f6nnen.<br \/>Die Funktionen werden nur im Falle Ihrer Zustimmung aktiviert und k\u00f6nnen insbesondere dazu dienen, dass wir die Besuche auf unserer mobilen App analysieren und verbessern k\u00f6nnen, Ihnen die Bedienung \u00fcber verschiedene Browser oder Endger\u00e4te zu erleichtern, Sie bei einem Besuch wiederzuerkennen oder Werbung (ggf. auch um Werbung an den Interessen zu orientieren, Effektivit\u00e4t von Anzeigen zu messen oder interessenorientierte Werbung zu zeigen) zu schalten.<br \/>Rechtsgrundlage dieser Verarbeitung ist Art. 6 Abs. 1 S. 1 lit. a DS-GVO.<br \/>Der Widerruf Ihrer Einwilligung ist jederzeit m\u00f6glich, ohne dass davon die Zul\u00e4ssigkeit der Verarbeitung bis zum Widerruf ber\u00fchrt wird.<\/p><p>5) In iOS haben Sie verschiedene M\u00f6glichkeiten, Werbung und Tracking weitgehend einzuschr\u00e4nken. Das Tracking l\u00e4uft grunds\u00e4tzlich \u00fcber den sog.<br \/>\u201eAdvertising Identifier\u201c (IDFA). Dabei handelt es sich um eine einzigartige, jedoch nicht-personalisierte und nicht dauerhafte Identifizierungsnummer f\u00fcr ein bestimmtes Endger\u00e4t, der durch iOS bereitgestellt wird.<br \/>Die \u00fcber den IDFA erhobenen Daten werden nicht mit sonstigen ger\u00e4tebezogenen Informationen verkn\u00fcpft.<br \/>Den IDFA verwenden wir, um Ihnen personalisierte Werbung bereitzustellen und Ihre Nutzung auswerten zu k\u00f6nnen.<br \/>Wenn Sie in den iOS-Einstellungen die Option \u201eDatenschutz &amp; Sicherheit\u201c aufrufen, k\u00f6nnen Sie unter \u201eTracking\u201c die werbliche Auswertung weitgehend deaktivieren.<br \/>Wenn Sie die Funktion \u201eApps erlauben, Tracking anzufordern\u201c aktivieren, wird Sie unsere App bei der ersten Nutzung fragen, ob Sie mit Werbema\u00dfnahmen einverstanden sind und Sie k\u00f6nnen die Werbung aktivieren oder deaktivieren.<br \/>Dar\u00fcber hinaus k\u00f6nnen Sie in der Option \u201eDatenschutz &amp; Sicherheit\u201c die Option \u201eApple-Werbung\u201c ausw\u00e4hlen und \u201epersonalisierte Werbung\u201c deaktivieren.<br \/>In der Option \u201eAnalyse &amp; Verbesserungen\u201c k\u00f6nnen Sie zudem die Funktion \u201eiPhone-Analyse teilen\u201c und \u201eSiri &amp; Diktat verbessern\u201c deaktivieren, was dazu f\u00fchrt, dass keine statistischen Informationen \u00fcber Ihre Nutzung von iOS an Apple \u00fcbertragen werden.<\/p><h4>\u00a7 5 Widerspruch oder Widerruf gegen die Verarbeitung Ihrer Daten<\/h4><p>1) Falls Sie eine Einwilligung zur Verarbeitung Ihrer Daten erteilt haben, k\u00f6nnen Sie diese jederzeit widerrufen.<br \/>Ein solcher Widerruf beeinflusst die Zul\u00e4ssigkeit der Verarbeitung Ihrer personenbezogenen Daten, nachdem Sie ihn gegen\u00fcber uns ausgesprochen haben.<br \/>Die Zul\u00e4ssigkeit der Verarbeitung Ihrer Daten bis zum Zeitpunkt Ihres Widerrufs bleibt unber\u00fchrt.<\/p><p>2) Soweit wir die Verarbeitung Ihrer personenbezogenen Daten auf die Interessenabw\u00e4gung st\u00fctzen, k\u00f6nnen Sie Widerspruch gegen die Verarbeitung einlegen.<br \/>Dies ist der Fall, wenn die Verarbeitung insbesondere nicht zur Erf\u00fcllung eines Vertrags mit Ihnen erforderlich ist, was von uns jeweils bei der nachfolgenden Beschreibung der Funktionen dargestellt wird.<br \/>Bei Aus\u00fcbung eines solchen Widerspruchs bitten wir um Darlegung der Gr\u00fcnde, weshalb wir Ihre personenbezogenen Daten nicht wie von uns durchgef\u00fchrt verarbeiten sollen.<br \/>Wir pr\u00fcfen dann die Sachlage und werden entweder die Datenverarbeitung anpassen, einstellen oder Ihnen unsere zwingenden schutzw\u00fcrdigen Gr\u00fcnde aufzeigen, aufgrund derer wir die Verarbeitung fortf\u00fchren.<\/p><p>3) Selbstverst\u00e4ndlich k\u00f6nnen Sie der Verarbeitung Ihrer personenbezogenen Daten f\u00fcr Zwecke der Werbung und Datenanalyse jederzeit widersprechen.<br \/>Ihren Werbewiderspruch k\u00f6nnen Sie uns am besten unter den oben angegebenen Kontaktdaten aus\u00fcben.<\/p><p>1. Verwendung Ihres Adressbuchs, Ihrer Fotos oder weiterer Daten<\/p><p>1) Zu Beginn der Nutzung unserer mobilen App bitten wir Sie in einem Pop-up um die Erlaubnis zur Nutzung Ihrer Kontakte, Ihres Kalenders, Ihrer Erinnerungen, Ihrer Fotos oder aufgef\u00fchrter Daten.<br \/>Wenn Sie die Erlaubnis nicht erteilen, nutzen wir diese Daten nicht.<br \/>Eventuell k\u00f6nnen Sie in diesem Fall nicht alle Funktionen unserer mobilen App nutzen.<br \/>Sie k\u00f6nnen die Erlaubnis sp\u00e4ter in den Einstellungen der mobilen App des Betriebssystems erteilen oder widerrufen.<\/p><p>(2) Wenn Sie den Zugriff auf die zuvor genannten Daten gestatten, wird die mobile App nur auf Ihre Daten zugreifen und sie auf unseren Server \u00fcbertragen, soweit es f\u00fcr die Erbringung der Funktionalit\u00e4t notwendig ist.<br \/>Ihre Daten werden von uns vertraulich behandelt und gel\u00f6scht, wenn Sie die Rechte zur Nutzung widerrufen oder zur Erbringung der Leistungen nicht mehr erforderlich sind und keine rechtlichen Aufbewahrungspflichten bestehen.<br \/>Rechtsgrundlage f\u00fcr die Verarbeitung der von Ihnen durch Nutzung der App-Funktionen angeforderten Daten ist Art. 6 Abs.<\/p><p>1 S. 1 lit. f DS-GVO .<\/p><p>2. Erhebung Ihrer Standortdaten<\/p><p>1) Unser Angebot umfasst sog. Location Based Services, mit welchen wir Ihnen spezielle Angebote bieten, die auf Ihren jeweiligen Standort zugeschnitten sind.<br \/>Diese Funktionen k\u00f6nnen Sie erst nutzen, nachdem Sie \u00fcber ein Pop-up eingewilligt haben, dass wir zu Zwecken der Leistungserbringung Ihre Standortdaten mittels GPS und Ihre IP-Adresse in anonymisierter Form erheben k\u00f6nnen.<br \/>Sie k\u00f6nnen die Funktion in den Einstellungen der mobilen App oder Ihres Betriebssystems jederzeit erlauben oder widerrufen, indem Sie in unter \u201eEinstellungen\u201c aufrufen.<br \/>Ihr Standort wird nur an uns \u00fcbertragen, wenn Sie bei Nutzung der mobilen App Funktionen in Anspruch nehmen, die wir Ihnen nur bei Kenntnis Ihres Standortes anbieten k\u00f6nnen.<\/p><p>(2) Zu Zwecken der Analyse der Nutzung, der bedarfsgerechten Gestaltung des Angebotes und zur Fehlererkennung erstellen wir Nutzungsprofile, wenn Sie darin bei Nutzung der mobilen App einwilligen.<br \/>Diese Daten werden nicht mit anderen personenbezogenen Daten zusammengef\u00fchrt. Rechtsgrundlage f\u00fcr die Verarbeitung der von Ihnen durch Nutzung der App-Funktionen angeforderten Daten ist Art.<\/p><p>6 Abs. 1 S. 1 lit. a DS-GVO. Der Widerruf Ihrer Einwilligung ist jederzeit m\u00f6glich, ohne dass davon die Zul\u00e4ssigkeit der Verarbeitung bis zum Widerruf ber\u00fchrt wird.<br \/>Nat\u00fcrlich k\u00f6nnen Sie sich auch an uns \u00fcber office@lifelyfamily.com wenden oder die im Impressum angegebene Anschrift: <a href=\"https:\/\/lifelyfamily.com\/en\/impressum.\/\">https:\/\/lifelyfamily.com\/impressum.<\/a><\/p>\t\t\t\t\t\t\t\t<\/div>\n\t\t\t\t\t<\/div>\n\t\t\t\t<\/div>\n\t\t\t\t<\/div>","protected":false},"excerpt":{"rendered":"<p>Datenschutzerklaerung Verwendung unserer mobilen App \u201eLifely Family\u201c \u00a7 1 Informationen \u00fcber die Verarbeitung personenbezogener Daten 1) Wir stellen Ihnen unsere [&hellip;]<\/p>","protected":false},"author":1,"featured_media":0,"parent":0,"menu_order":0,"comment_status":"closed","ping_status":"closed","template":"","meta":{"site-sidebar-layout":"no-sidebar","site-content-layout":"","ast-site-content-layout":"full-width-container","site-content-style":"default","site-sidebar-style":"default","ast-global-header-display":"disabled","ast-banner-title-visibility":"disabled","ast-main-header-display":"","ast-hfb-above-header-display":"","ast-hfb-below-header-display":"","ast-hfb-mobile-header-display":"","site-post-title":"","ast-breadcrumbs-content":"","ast-featured-img":"disabled","footer-sml-layout":"disabled","theme-transparent-header-meta":"","adv-header-id-meta":"","stick-header-meta":"","header-above-stick-meta":"","header-main-stick-meta":"","header-below-stick-meta":"","astra-migrate-meta-layouts":"default","ast-page-background-enabled":"default","ast-page-background-meta":{"desktop":{"background-color":"var(--ast-global-color-5)","background-image":"","background-repeat":"repeat","background-position":"center center","background-size":"auto","background-attachment":"scroll","background-type":"","background-media":"","overlay-type":"","overlay-color":"","overlay-opacity":"","overlay-gradient":""},"tablet":{"background-color":"","background-image":"","background-repeat":"repeat","background-position":"center center","background-size":"auto","background-attachment":"scroll","background-type":"","background-media":"","overlay-type":"","overlay-color":"","overlay-opacity":"","overlay-gradient":""},"mobile":{"background-color":"","background-image":"","background-repeat":"repeat","background-position":"center center","background-size":"auto","background-attachment":"scroll","background-type":"","background-media":"","overlay-type":"","overlay-color":"","overlay-opacity":"","overlay-gradient":""}},"ast-content-background-meta":{"desktop":{"background-color":"var(--ast-global-color-4)","background-image":"","background-repeat":"repeat","background-position":"center center","background-size":"auto","background-attachment":"scroll","background-type":"","background-media":"","overlay-type":"","overlay-color":"","overlay-opacity":"","overlay-gradient":""},"tablet":{"background-color":"var(--ast-global-color-4)","background-image":"","background-repeat":"repeat","background-position":"center center","background-size":"auto","background-attachment":"scroll","background-type":"","background-media":"","overlay-type":"","overlay-color":"","overlay-opacity":"","overlay-gradient":""},"mobile":{"background-color":"var(--ast-global-color-4)","background-image":"","background-repeat":"repeat","background-position":"center center","background-size":"auto","background-attachment":"scroll","background-type":"","background-media":"","overlay-type":"","overlay-color":"","overlay-opacity":"","overlay-gradient":""}},"footnotes":""},"class_list":["post-365","page","type-page","status-publish","hentry"],"_links":{"self":[{"href":"https:\/\/lifelyfamily.com\/en\/wp-json\/wp\/v2\/pages\/365","targetHints":{"allow":["GET"]}}],"collection":[{"href":"https:\/\/lifelyfamily.com\/en\/wp-json\/wp\/v2\/pages"}],"about":[{"href":"https:\/\/lifelyfamily.com\/en\/wp-json\/wp\/v2\/types\/page"}],"author":[{"embeddable":true,"href":"https:\/\/lifelyfamily.com\/en\/wp-json\/wp\/v2\/users\/1"}],"replies":[{"embeddable":true,"href":"https:\/\/lifelyfamily.com\/en\/wp-json\/wp\/v2\/comments?post=365"}],"version-history":[{"count":7,"href":"https:\/\/lifelyfamily.com\/en\/wp-json\/wp\/v2\/pages\/365\/revisions"}],"predecessor-version":[{"id":404,"href":"https:\/\/lifelyfamily.com\/en\/wp-json\/wp\/v2\/pages\/365\/revisions\/404"}],"wp:attachment":[{"href":"https:\/\/lifelyfamily.com\/en\/wp-json\/wp\/v2\/media?parent=365"}],"curies":[{"name":"wp","href":"https:\/\/api.w.org\/{rel}","templated":true}]}}